{"id":505,"date":"2023-04-03T18:08:55","date_gmt":"2023-04-03T18:08:55","guid":{"rendered":"https:\/\/escapemadrid.es\/?page_id=505"},"modified":"2023-05-11T11:27:51","modified_gmt":"2023-05-11T11:27:51","slug":"escape-room-por-las-calles-de-madrid","status":"publish","type":"page","link":"https:\/\/escapemadrid.es\/index.php\/escape-room-por-las-calles-de-madrid\/","title":{"rendered":"escape room por las calles de madrid"},"content":{"rendered":"<h1>Un escape room por las calles de Madrid<\/h1>\n<p>\u00bfQuieres experimentar algo nuevo y emocionante en Madrid? \u00bfTe gustar\u00eda explorar la ciudad mientras resuelves enigmas y acertijos? Entonces, \u00a1Escapemadrid.es es perfecto para ti! Ofrecemos un escape room evolucionado en el que podr\u00e1s disfrutar de una aventura en primera persona por las calles de la capital espa\u00f1ola.<\/p>\n<p><img data-recalc-dims=\"1\" fetchpriority=\"high\" decoding=\"async\" class=\"alignnone wp-image-507\" src=\"https:\/\/i0.wp.com\/escapemadrid.es\/wp-content\/uploads\/2023\/04\/movil-caso-kaspar-300x169.png?resize=602%2C339&#038;ssl=1\" alt=\"\" width=\"602\" height=\"339\" \/><\/p>\n<p>En nuestra webapp, encontrar\u00e1s todo lo necesario para comenzar tu misi\u00f3n. Te proporcionaremos instrucciones detalladas para que puedas entender las reglas del juego y empezar con buen pie. Adem\u00e1s, tendr\u00e1s acceso a material gr\u00e1fico que te ayudar\u00e1 a completar la misi\u00f3n. Y si necesitas ayuda adicional, no te preocupes, tambi\u00e9n tendr\u00e1s pistas \u00fatiles a tu disposici\u00f3n para que puedas avanzar en caso de que te bloquees.<\/p>\n<p>La webapp de Escapemadrid.es te guiar\u00e1 por la ciudad y te proporcionar\u00e1 un mapa detallado para que puedas completar tu cometido. Nuestro escape room por las calles de Madrid es perfecto para jugar en grupo. Se recomienda que no sean m\u00e1s de 6 personas para disfrutar de una experiencia \u00f3ptima. Pero no te preocupes si vienes solo o en pareja, \u00a1tambi\u00e9n podr\u00e1s jugar y divertirte!<\/p>\n<p>En Escapemadrid.es, ofrecemos una forma original y divertida de descubrir Madrid. Si est\u00e1s buscando una actividad diferente y emocionante para hacer en la ciudad, nuestro escape room por las calles de Madrid es perfecto para ti. Resuelve enigmas y acertijos mientras disfrutas de los lugares m\u00e1s emblem\u00e1ticos de la ciudad. No te pierdas la oportunidad de vivir una experiencia emocionante en la capital espa\u00f1ola.<\/p>\n<p>En resumen, si buscas una experiencia \u00fanica en Madrid, Escapemadrid.es te ofrece la oportunidad de explorar la ciudad mientras resuelves enigmas y acertijos en una emocionante misi\u00f3n. Te proporcionamos todo lo necesario para que puedas comenzar tu aventura de escape room por las calles de Madrid. \u00a1Visita nuestra p\u00e1gina web y reserva tu juego hoy mismo! Te esperamos para que disfrutes de una experiencia que no olvidar\u00e1s.<\/p>\n","protected":false},"excerpt":{"rendered":"<p>Un escape room por las calles de Madrid \u00bfQuieres experimentar algo nuevo y emocionante en Madrid? \u00bfTe gustar\u00eda explorar la ciudad mientras resuelves enigmas y acertijos? Entonces, \u00a1Escapemadrid.es es perfecto para ti! Ofrecemos un escape room evolucionado en el que podr\u00e1s disfrutar de una aventura en primera persona por las calles de la capital espa\u00f1ola. [&hellip;]<\/p>\n","protected":false},"author":1,"featured_media":0,"parent":0,"menu_order":0,"comment_status":"closed","ping_status":"closed","template":"","meta":{"advanced_seo_description":"","jetpack_seo_html_title":"","jetpack_seo_noindex":false,"_joinchat":[],"footnotes":""},"class_list":["post-505","page","type-page","status-publish","hentry","entry"],"jetpack_sharing_enabled":true,"_links":{"self":[{"href":"https:\/\/escapemadrid.es\/index.php\/wp-json\/wp\/v2\/pages\/505","targetHints":{"allow":["GET"]}}],"collection":[{"href":"https:\/\/escapemadrid.es\/index.php\/wp-json\/wp\/v2\/pages"}],"about":[{"href":"https:\/\/escapemadrid.es\/index.php\/wp-json\/wp\/v2\/types\/page"}],"author":[{"embeddable":true,"href":"https:\/\/escapemadrid.es\/index.php\/wp-json\/wp\/v2\/users\/1"}],"replies":[{"embeddable":true,"href":"https:\/\/escapemadrid.es\/index.php\/wp-json\/wp\/v2\/comments?post=505"}],"version-history":[{"count":0,"href":"https:\/\/escapemadrid.es\/index.php\/wp-json\/wp\/v2\/pages\/505\/revisions"}],"wp:attachment":[{"href":"https:\/\/escapemadrid.es\/index.php\/wp-json\/wp\/v2\/media?parent=505"}],"curies":[{"name":"wp","href":"https:\/\/api.w.org\/{rel}","templated":true}]}}