{"id":501,"date":"2023-04-03T17:36:56","date_gmt":"2023-04-03T17:36:56","guid":{"rendered":"https:\/\/escapemadrid.es\/?page_id=501"},"modified":"2023-04-03T17:37:17","modified_gmt":"2023-04-03T17:37:17","slug":"pestanas","status":"publish","type":"page","link":"https:\/\/escapemadrid.es\/index.php\/pestanas\/","title":{"rendered":"Pesta\u00f1as"},"content":{"rendered":"\t\t<div data-elementor-type=\"wp-page\" data-elementor-id=\"501\" class=\"elementor elementor-501\">\n\t\t\t\t\t\t<section class=\"elementor-section elementor-top-section elementor-element elementor-element-0073e1f elementor-section-boxed elementor-section-height-default elementor-section-height-default\" data-id=\"0073e1f\" data-element_type=\"section\" data-e-type=\"section\">\n\t\t\t\t\t\t<div class=\"elementor-container elementor-column-gap-default\">\n\t\t\t\t\t<div class=\"elementor-column elementor-col-100 elementor-top-column elementor-element elementor-element-d85bfbe\" data-id=\"d85bfbe\" data-element_type=\"column\" data-e-type=\"column\">\n\t\t\t<div class=\"elementor-widget-wrap elementor-element-populated\">\n\t\t\t\t\t\t<div class=\"elementor-element elementor-element-4ea508d elementor-widget elementor-widget-text-editor\" data-id=\"4ea508d\" data-element_type=\"widget\" data-e-type=\"widget\" data-widget_type=\"text-editor.default\">\n\t\t\t\t<div class=\"elementor-widget-container\">\n\t\t\t\t\t\t\t\t\t<p>Lorem ipsum dolor sit amet, consectetur adipiscing elit. Ut elit tellus, luctus nec ullamcorper mattis, pulvinar dapibus leo.<\/p>\t\t\t\t\t\t\t\t<\/div>\n\t\t\t\t<\/div>\n\t\t\t\t\t<\/div>\n\t\t<\/div>\n\t\t\t\t\t<\/div>\n\t\t<\/section>\n\t\t\t\t<section class=\"elementor-section elementor-top-section elementor-element elementor-element-01d335a elementor-section-boxed elementor-section-height-default elementor-section-height-default\" data-id=\"01d335a\" data-element_type=\"section\" data-e-type=\"section\">\n\t\t\t\t\t\t<div class=\"elementor-container elementor-column-gap-default\">\n\t\t\t\t\t<div class=\"elementor-column elementor-col-100 elementor-top-column elementor-element elementor-element-fabbfb2\" data-id=\"fabbfb2\" data-element_type=\"column\" data-e-type=\"column\">\n\t\t\t<div class=\"elementor-widget-wrap elementor-element-populated\">\n\t\t\t\t\t\t<div class=\"elementor-element elementor-element-fd1f429 elementor-tabs-alignment-stretch elementor-tabs-view-horizontal elementor-widget elementor-widget-tabs\" data-id=\"fd1f429\" data-element_type=\"widget\" data-e-type=\"widget\" data-widget_type=\"tabs.default\">\n\t\t\t\t<div class=\"elementor-widget-container\">\n\t\t\t\t\t\t\t<div class=\"elementor-tabs\">\n\t\t\t<div class=\"elementor-tabs-wrapper\" role=\"tablist\" >\n\t\t\t\t\t\t\t\t\t<div id=\"elementor-tab-title-2651\" class=\"elementor-tab-title elementor-tab-desktop-title\" aria-selected=\"true\" data-tab=\"1\" role=\"tab\" tabindex=\"0\" aria-controls=\"elementor-tab-content-2651\" aria-expanded=\"false\">Escape<\/div>\n\t\t\t\t\t\t\t\t\t<div id=\"elementor-tab-title-2652\" class=\"elementor-tab-title elementor-tab-desktop-title\" aria-selected=\"false\" data-tab=\"2\" role=\"tab\" tabindex=\"-1\" aria-controls=\"elementor-tab-content-2652\" aria-expanded=\"false\">Escape2<\/div>\n\t\t\t\t\t\t\t\t\t<div id=\"elementor-tab-title-2653\" class=\"elementor-tab-title elementor-tab-desktop-title\" aria-selected=\"false\" data-tab=\"3\" role=\"tab\" tabindex=\"-1\" aria-controls=\"elementor-tab-content-2653\" aria-expanded=\"false\">Pesta\u00f1a #2<\/div>\n\t\t\t\t\t\t\t<\/div>\n\t\t\t<div class=\"elementor-tabs-content-wrapper\" role=\"tablist\" aria-orientation=\"vertical\">\n\t\t\t\t\t\t\t\t\t<div class=\"elementor-tab-title elementor-tab-mobile-title\" aria-selected=\"true\" data-tab=\"1\" role=\"tab\" tabindex=\"0\" aria-controls=\"elementor-tab-content-2651\" aria-expanded=\"false\">Escape<\/div>\n\t\t\t\t\t<div id=\"elementor-tab-content-2651\" class=\"elementor-tab-content elementor-clearfix\" data-tab=\"1\" role=\"tabpanel\" aria-labelledby=\"elementor-tab-title-2651\" tabindex=\"0\" hidden=\"false\"><\/div>\n\t\t\t\t\t\t\t\t\t<div class=\"elementor-tab-title elementor-tab-mobile-title\" aria-selected=\"false\" data-tab=\"2\" role=\"tab\" tabindex=\"-1\" aria-controls=\"elementor-tab-content-2652\" aria-expanded=\"false\">Escape2<\/div>\n\t\t\t\t\t<div id=\"elementor-tab-content-2652\" class=\"elementor-tab-content elementor-clearfix\" data-tab=\"2\" role=\"tabpanel\" aria-labelledby=\"elementor-tab-title-2652\" tabindex=\"0\" hidden=\"hidden\"><\/div>\n\t\t\t\t\t\t\t\t\t<div class=\"elementor-tab-title elementor-tab-mobile-title\" aria-selected=\"false\" data-tab=\"3\" role=\"tab\" tabindex=\"-1\" aria-controls=\"elementor-tab-content-2653\" aria-expanded=\"false\">Pesta\u00f1a #2<\/div>\n\t\t\t\t\t<div id=\"elementor-tab-content-2653\" class=\"elementor-tab-content elementor-clearfix\" data-tab=\"3\" role=\"tabpanel\" aria-labelledby=\"elementor-tab-title-2653\" tabindex=\"0\" hidden=\"hidden\"><div id=\"tripetto-runner-c418265d\"><\/div><script>(function(t,r,i,p){var a=i.getElementById(t.element),b=t.bundles.map(function(s){return t.uri+s+\".js?ver=8.0.10\"}),c=function(d){d.forEach(function(e){if(!r[e]){var b=i.createElement(p);r[e]=true;b.src=e;a.parentNode.insertBefore(b,a)}})};(function(f){f(f)})(function(f){c([b[0]]);typeof r[t.namespaces[0]]!==\"undefined\"&&t.namespaces.filter(function(s){c(b);return typeof r[s]===\"undefined\"}).length===0?WPTripettoRunner.run(t):setTimeout(function(){f(f)},1)});})({\"reference\":\"bbe636c471e2d9f489b5c918cfd367e34fffe0336946b141d037be25afefbbfb\",\"runner\":\"classic\",\"element\":\"tripetto-runner-c418265d\",\"fullPage\":false,\"pausable\":false,\"persistent\":false,\"pro\":false,\"css\":\"\",\"className\":\"\",\"width\":\"\",\"height\":\"\",\"language\":\"es_ES\",\"url\":\"https:\\\/\\\/escapemadrid.es\\\/wp-admin\\\/admin-ajax.php\",\"uri\":\"https:\\\/\\\/escapemadrid.es\\\/wp-content\\\/plugins\\\/tripetto\",\"bundles\":[\"\\\/vendors\\\/tripetto-runner\",\"\\\/vendors\\\/tripetto-runner-classic\",\"\\\/js\\\/wp-tripetto-runner\"],\"namespaces\":[\"TripettoRunner\",\"TripettoClassic\",\"WPTripettoRunner\"]},window,document,\"script\");<\/script><noscript>Normally you should see a Tripetto form over here, but it needs JavaScript to run properly and it seems that is disabled in your browser. Please enable JavaScript to see and use the form.<\/noscript><\/div>\n\t\t\t\t\t\t\t<\/div>\n\t\t<\/div>\n\t\t\t\t\t\t<\/div>\n\t\t\t\t<\/div>\n\t\t\t\t\t<\/div>\n\t\t<\/div>\n\t\t\t\t\t<\/div>\n\t\t<\/section>\n\t\t\t\t<\/div>\n\t\t","protected":false},"excerpt":{"rendered":"<p>Lorem fistrum por la gloria de mi madre esse jarl aliqua llevame al sircoo. De la pradera ullamco qu\u00e9 dise usteer est\u00e1 la cosa muy malar. Escape Escape2 Pesta\u00f1a #2 Escape Normally you should see a Tripetto form over here, but it needs JavaScript to run properly and it seems that is disabled in your [&hellip;]<\/p>\n","protected":false},"author":1,"featured_media":0,"parent":0,"menu_order":0,"comment_status":"closed","ping_status":"closed","template":"","meta":{"advanced_seo_description":"","jetpack_seo_html_title":"","jetpack_seo_noindex":false,"_joinchat":[],"footnotes":""},"class_list":["post-501","page","type-page","status-publish","hentry","entry"],"jetpack_sharing_enabled":true,"_links":{"self":[{"href":"https:\/\/escapemadrid.es\/index.php\/wp-json\/wp\/v2\/pages\/501","targetHints":{"allow":["GET"]}}],"collection":[{"href":"https:\/\/escapemadrid.es\/index.php\/wp-json\/wp\/v2\/pages"}],"about":[{"href":"https:\/\/escapemadrid.es\/index.php\/wp-json\/wp\/v2\/types\/page"}],"author":[{"embeddable":true,"href":"https:\/\/escapemadrid.es\/index.php\/wp-json\/wp\/v2\/users\/1"}],"replies":[{"embeddable":true,"href":"https:\/\/escapemadrid.es\/index.php\/wp-json\/wp\/v2\/comments?post=501"}],"version-history":[{"count":0,"href":"https:\/\/escapemadrid.es\/index.php\/wp-json\/wp\/v2\/pages\/501\/revisions"}],"wp:attachment":[{"href":"https:\/\/escapemadrid.es\/index.php\/wp-json\/wp\/v2\/media?parent=501"}],"curies":[{"name":"wp","href":"https:\/\/api.w.org\/{rel}","templated":true}]}}