{"id":3904,"date":"2024-03-08T14:44:17","date_gmt":"2024-03-08T13:44:17","guid":{"rendered":"https:\/\/escapemadrid.es\/?page_id=3904"},"modified":"2024-03-08T14:44:17","modified_gmt":"2024-03-08T13:44:17","slug":"aviso-legal","status":"publish","type":"page","link":"https:\/\/escapemadrid.es\/index.php\/aviso-legal\/","title":{"rendered":"Aviso legal"},"content":{"rendered":"<h1>Aviso legal<\/h1>\n<ol>\n<li><strong>INFORMACI\u00d3N GENERAL<\/strong><\/li>\n<\/ol>\n<p>En cumplimiento con el deber de informaci\u00f3n establecido en la Ley 34\/2002 de Servicios de la Sociedad de la Informaci\u00f3n y el Comercio Electr\u00f3nico (LSSI-CE) de 11 de julio, se facilita a continuaci\u00f3n la informaci\u00f3n legal correspondiente a este sitio web.<\/p>\n<ol>\n<li><strong> T\u00c9RMINOS Y CONDICIONES GENERALES DE USO:<\/strong><\/li>\n<\/ol>\n<p><strong>Objeto de las Condiciones: el Sitio Web<\/strong><\/p>\n<p>Las presentes Condiciones regulan el acceso y la utilizaci\u00f3n del Sitio Web, entendiendo como tal la apariencia externa de los interfaces de pantalla, tanto est\u00e1tica como din\u00e1mica, los elementos integrados en los interfaces y el \u00e1rbol de navegaci\u00f3n (en adelante, Contenidos), as\u00ed como los Servicios y recursos en l\u00ednea ofrecidos a los Usuarios.<\/p>\n<p>Escape Madrid se reserva el derecho de modificar la presentaci\u00f3n y\/o configuraci\u00f3n del Sitio Web, as\u00ed como los Contenidos y Servicios incorporados en cualquier momento y sin previo aviso. El Usuario reconoce y acepta que Escape Madrid puede interrumpir, desactivar o cancelar elementos del Sitio Web o su acceso en cualquier momento.<\/p>\n<p><strong>Acceso al Sitio Web<\/strong><\/p>\n<p>El acceso al Sitio Web es libre y, por lo general, gratuito, sin que el Usuario deba proporcionar contraprestaci\u00f3n alguna, excepto en lo relativo al coste de conexi\u00f3n a trav\u00e9s de la red de telecomunicaciones suministrada por el proveedor de acceso contratado por el Usuario.<\/p>\n<p><strong>Condici\u00f3n de Usuario<\/strong><\/p>\n<p>El acceso, navegaci\u00f3n y uso del Sitio Web confiere al Usuario la condici\u00f3n de Usuario, aceptando las Condiciones y sus modificaciones desde el inicio de la navegaci\u00f3n. Se recomienda al Usuario revisarlas cada vez que visite el Sitio Web.<\/p>\n<p><strong>Responsabilidades del Usuario<\/strong><\/p>\n<p>El Usuario asume la responsabilidad de utilizar correctamente el Sitio Web, incluyendo la informaci\u00f3n, Contenidos y\/o Servicios ofrecidos por Escape Madrid, conforme a las presentes Condiciones, la Ley, la moral y el orden p\u00fablico, evitando lesionar los derechos de terceros o el funcionamiento del Sitio Web.<\/p>\n<p>La veracidad y licitud de la informaci\u00f3n proporcionada por el Usuario en los formularios de acceso a ciertos Contenidos o Servicios tambi\u00e9n son responsabilidad del Usuario, quien deber\u00e1 notificar inmediatamente a Escape Madrid cualquier hecho que permita el uso indebido de dicha informaci\u00f3n.<\/p>\n<p><strong>Relaci\u00f3n Comercial<\/strong><\/p>\n<p>El mero acceso al Sitio Web no implica el establecimiento de una relaci\u00f3n comercial entre Escape Madrid y el Usuario.<\/p>\n<p><strong>P\u00fablico Objetivo<\/strong><\/p>\n<p>El Sitio Web de Escape Madrid se dirige a todas las personas, independientemente de su edad, que puedan acceder y\/o navegar por sus p\u00e1ginas, siendo principalmente dirigido a Usuarios residentes en Espa\u00f1a. Escape Madrid no garantiza el cumplimiento de legislaciones de otros pa\u00edses y, en caso de acceso desde fuera de Espa\u00f1a, el Usuario asume la responsabilidad de cumplir con la legislaci\u00f3n local aplicable.<\/p>\n<p>Escape Madrid, en todo momento y en el respeto de la legislaci\u00f3n vigente, se reserva el derecho de modificar, actualizar o eliminar cualquier informaci\u00f3n, Contenido o Servicio del Sitio Web.<\/p>\n<p><strong>III. ACCESO Y NAVEGACI\u00d3N EN EL SITIO WEB: EXCLUSI\u00d3N DE GARANT\u00cdAS Y RESPONSABILIDAD<\/strong><\/p>\n<p>Escape Madrid advierte que, si bien se esforzar\u00e1 por mantener el buen funcionamiento del Sitio Web, no puede garantizar la continuidad, disponibilidad y utilidad del mismo, as\u00ed como de sus Contenidos o Servicios. En este sentido, se excluye cualquier garant\u00eda expresa o impl\u00edcita respecto a la calidad, exactitud, fiabilidad, correcci\u00f3n, integridad o validez de la informaci\u00f3n y servicios que se contienen en el Sitio Web.<\/p>\n<p>La empresa no asume responsabilidad por posibles interrupciones o errores en el acceso al Sitio Web, ni garantiza que dicho acceso sea ininterrumpido o est\u00e9 libre de errores. Asimismo, Escape Madrid no se hace responsable ni ofrece garant\u00edas sobre la ausencia de errores o la presencia de virus en el contenido o software al que se pueda acceder a trav\u00e9s del Sitio Web, eximi\u00e9ndose de cualquier responsabilidad por p\u00e9rdidas, da\u00f1os o perjuicios que puedan derivarse del acceso, navegaci\u00f3n o uso del Sitio Web, incluyendo aquellos provocados en los sistemas inform\u00e1ticos del Usuario.<\/p>\n<p>La empresa no asume responsabilidad por los posibles da\u00f1os que puedan sufrir los usuarios debido a un uso inadecuado del Sitio Web. En particular, Escape Madrid no se hace responsable de ca\u00eddas, interrupciones, falta o defecto en las telecomunicaciones que puedan ocurrir durante el acceso y la navegaci\u00f3n en el Sitio Web.<\/p>\n<ol>\n<li><strong> POL\u00cdTICA DE ENLACES<\/strong><\/li>\n<\/ol>\n<p>Escape Madrid informa a los Usuarios acerca de la disponibilidad de medios de enlace (tales como links, banners, botones), directorios y motores de b\u00fasqueda en su Sitio Web, que permiten el acceso a sitios web gestionados por terceros.<\/p>\n<p>La finalidad de la inclusi\u00f3n de estos enlaces, directorios y motores de b\u00fasqueda en el Sitio Web es facilitar a los Usuarios la b\u00fasqueda y acceso a informaci\u00f3n disponible en Internet. No debe considerarse como una sugerencia, recomendaci\u00f3n o invitaci\u00f3n para visitar dichos sitios.<\/p>\n<p>Escape Madrid no ofrece ni comercializa directa ni indirectamente los productos y\/o servicios disponibles en los sitios enlazados. Adem\u00e1s, no garantiza la disponibilidad t\u00e9cnica, exactitud, veracidad, validez o legalidad de los sitios ajenos a su propiedad a los que se acceda a trav\u00e9s de los enlaces.<\/p>\n<p>La empresa no revisar\u00e1 ni controlar\u00e1 el contenido de otros sitios web, ni aprobar\u00e1, examinar\u00e1 ni respaldar\u00e1 los productos y servicios, contenidos, archivos y cualquier otro material existente en los sitios enlazados.<\/p>\n<p>Escape Madrid no asume ninguna responsabilidad por los da\u00f1os y perjuicios derivados del acceso, uso, calidad o licitud de los contenidos, comunicaciones, opiniones, productos y servicios de sitios web no gestionados por Escape Madrid y enlazados en este Sitio Web.<\/p>\n<p>El Usuario o tercero que establezca un hiperv\u00ednculo desde una p\u00e1gina web distinta al Sitio Web de Escape Madrid debe tener en cuenta lo siguiente:<\/p>\n<ul>\n<li>No se permite la reproducci\u00f3n total o parcial de los Contenidos y\/o Servicios del Sitio Web sin autorizaci\u00f3n expresa de Escape Madrid.<\/li>\n<li>No se permite realizar manifestaciones falsas, inexactas o incorrectas sobre el Sitio Web de Escape Madrid ni sobre sus Contenidos y\/o Servicios.<\/li>\n<li>Salvo autorizaci\u00f3n expresa de Escape Madrid, el sitio web enlazante no contendr\u00e1 ning\u00fan elemento de este Sitio Web protegido por la propiedad intelectual seg\u00fan la legislaci\u00f3n espa\u00f1ola.<\/li>\n<li>El establecimiento del hiperv\u00ednculo no implicar\u00e1 la existencia de relaciones entre Escape Madrid y el titular del sitio web enlazante, ni el conocimiento y aceptaci\u00f3n por parte de Escape Madrid de los contenidos, servicios y\/o actividades ofrecidas en dicho sitio web, ni viceversa.<\/li>\n<\/ul>\n<ol>\n<li><strong> PROPIEDAD INTELECTUAL E INDUSTRIAL<\/strong><\/li>\n<\/ol>\n<p>Escape Madrid, en calidad de titular, ostenta todos los derechos de propiedad intelectual e industrial del Sitio Web y de los elementos en \u00e9l contenidos, tales como im\u00e1genes, sonido, audio, v\u00eddeo, software, textos, marcas, logotipos, combinaciones de colores, estructura y dise\u00f1o, selecci\u00f3n de materiales, programas de ordenador necesarios para su funcionamiento, acceso y uso, entre otros. Estos elementos son considerados obras protegidas por la legislaci\u00f3n espa\u00f1ola en materia de propiedad intelectual, as\u00ed como por la normativa comunitaria y los tratados internacionales suscritos por Espa\u00f1a.<\/p>\n<p>Todos los derechos quedan reservados. Conforme a lo dispuesto en la Ley de Propiedad Intelectual, se proh\u00edbe expresamente la reproducci\u00f3n, distribuci\u00f3n y comunicaci\u00f3n p\u00fablica, incluida la modalidad de puesta a disposici\u00f3n, total o parcial de los contenidos de esta p\u00e1gina web con fines comerciales, en cualquier soporte y por cualquier medio t\u00e9cnico, sin la previa autorizaci\u00f3n expresa de Escape Madrid.<\/p>\n<p>El Usuario se compromete a respetar los derechos de propiedad intelectual e industrial de Escape Madrid. Puede visualizar, imprimir, copiar y almacenar en el disco duro de su ordenador o en otro soporte f\u00edsico los elementos del Sitio Web exclusivamente para su uso personal. No obstante, est\u00e1 prohibido suprimir, alterar o manipular cualquier dispositivo de protecci\u00f3n o sistema de seguridad instalado en el Sitio Web.<\/p>\n<p>En caso de que el Usuario o un tercero considere que alg\u00fan contenido del Sitio Web viola los derechos de propiedad intelectual, deber\u00e1 comunicarlo de inmediato a Escape Madrid a trav\u00e9s de los datos de contacto proporcionados en el apartado de INFORMACI\u00d3N GENERAL de este Aviso Legal y Condiciones Generales de Uso.<\/p>\n<ol>\n<li><strong> ACCIONES LEGALES, LEGISLACI\u00d3N APLICABLE Y JURISDICCI\u00d3N<\/strong><\/li>\n<\/ol>\n<p>Escape Madrid se reserva el derecho de emprender acciones civiles o penales que considere necesarias ante el uso indebido del Sitio Web y sus Contenidos, as\u00ed como por el incumplimiento de las presentes Condiciones.<\/p>\n<p>La relaci\u00f3n entre el Usuario y Escape Madrid estar\u00e1 regida por la legislaci\u00f3n vigente y aplicable en el territorio espa\u00f1ol. Ante cualquier controversia relacionada con la interpretaci\u00f3n y\/o aplicaci\u00f3n de estas Condiciones, las partes se someter\u00e1n a la jurisdicci\u00f3n ordinaria, acudiendo a los jueces y tribunales correspondientes de conformidad con la legislaci\u00f3n vigente.<\/p>\n","protected":false},"excerpt":{"rendered":"<p>Aviso legal INFORMACI\u00d3N GENERAL En cumplimiento con el deber de informaci\u00f3n establecido en la Ley 34\/2002 de Servicios de la Sociedad de la Informaci\u00f3n y el Comercio Electr\u00f3nico (LSSI-CE) de 11 de julio, se facilita a continuaci\u00f3n la informaci\u00f3n legal correspondiente a este sitio web. T\u00c9RMINOS Y CONDICIONES GENERALES DE USO: Objeto de las Condiciones: [&hellip;]<\/p>\n","protected":false},"author":1,"featured_media":0,"parent":0,"menu_order":0,"comment_status":"closed","ping_status":"closed","template":"","meta":{"advanced_seo_description":"","jetpack_seo_html_title":"","jetpack_seo_noindex":false,"_joinchat":[],"footnotes":""},"class_list":["post-3904","page","type-page","status-publish","hentry","entry"],"jetpack_sharing_enabled":true,"_links":{"self":[{"href":"https:\/\/escapemadrid.es\/index.php\/wp-json\/wp\/v2\/pages\/3904","targetHints":{"allow":["GET"]}}],"collection":[{"href":"https:\/\/escapemadrid.es\/index.php\/wp-json\/wp\/v2\/pages"}],"about":[{"href":"https:\/\/escapemadrid.es\/index.php\/wp-json\/wp\/v2\/types\/page"}],"author":[{"embeddable":true,"href":"https:\/\/escapemadrid.es\/index.php\/wp-json\/wp\/v2\/users\/1"}],"replies":[{"embeddable":true,"href":"https:\/\/escapemadrid.es\/index.php\/wp-json\/wp\/v2\/comments?post=3904"}],"version-history":[{"count":1,"href":"https:\/\/escapemadrid.es\/index.php\/wp-json\/wp\/v2\/pages\/3904\/revisions"}],"predecessor-version":[{"id":3905,"href":"https:\/\/escapemadrid.es\/index.php\/wp-json\/wp\/v2\/pages\/3904\/revisions\/3905"}],"wp:attachment":[{"href":"https:\/\/escapemadrid.es\/index.php\/wp-json\/wp\/v2\/media?parent=3904"}],"curies":[{"name":"wp","href":"https:\/\/api.w.org\/{rel}","templated":true}]}}